{"id":52793,"date":"2022-01-28T15:08:45","date_gmt":"2022-01-28T14:08:45","guid":{"rendered":"https:\/\/www.hanaya-fleurs.com\/?page_id=52793"},"modified":"2026-03-18T23:49:46","modified_gmt":"2026-03-18T22:49:46","slug":"politique-de-confidentialite","status":"publish","type":"page","link":"https:\/\/www.hanaya-fleurs.com\/en\/politique-de-confidentialite\/","title":{"rendered":"Privacy Policy"},"content":{"rendered":"<div data-elementor-type=\"wp-page\" data-elementor-id=\"52793\" class=\"elementor elementor-52793\">\n\t\t\t\t<div class=\"elementor-element elementor-element-0e12325 e-con-full e-flex e-con e-parent\" data-id=\"0e12325\" data-element_type=\"container\" data-e-type=\"container\" data-settings=\"{&quot;background_background&quot;:&quot;classic&quot;}\">\n\t\t<div class=\"elementor-element elementor-element-bec973e e-con-full e-flex e-con e-child\" data-id=\"bec973e\" data-element_type=\"container\" data-e-type=\"container\">\n\t\t\t\t<\/div>\n\t\t\t\t<\/div>\n\t\t<div class=\"elementor-element elementor-element-51028b0 e-flex e-con-boxed e-con e-parent\" data-id=\"51028b0\" data-element_type=\"container\" data-e-type=\"container\">\n\t\t\t\t\t<div class=\"e-con-inner\">\n\t\t<div class=\"elementor-element elementor-element-2850df34 e-con-full e-flex e-con e-child\" data-id=\"2850df34\" data-element_type=\"container\" data-e-type=\"container\">\n\t\t\t\t<div class=\"elementor-element elementor-element-71f560fc elementor-widget elementor-widget-text-editor\" data-id=\"71f560fc\" data-element_type=\"widget\" data-e-type=\"widget\" data-widget_type=\"text-editor.default\">\n\t\t\t\t\t\t\t\t\t<h2>Privacy Policy<\/h2>\t\t\t\t\t\t\t\t<\/div>\n\t\t\t\t<\/div>\n\t\t\t\t<div class=\"elementor-element elementor-element-db40198 elementor-widget elementor-widget-text-editor\" data-id=\"db40198\" data-element_type=\"widget\" data-e-type=\"widget\" data-widget_type=\"text-editor.default\">\n\t\t\t\t\t\t\t\t\t<h5>1. Donn\u00e9es collect\u00e9es<\/h5>\t\t\t\t\t\t\t\t<\/div>\n\t\t\t\t<div class=\"elementor-element elementor-element-ffdf171 elementor-widget elementor-widget-text-editor\" data-id=\"ffdf171\" data-element_type=\"widget\" data-e-type=\"widget\" data-widget_type=\"text-editor.default\">\n\t\t\t\t\t\t\t\t\t<p data-start=\"1170\" data-end=\"1224\">Les donn\u00e9es personnelles collect\u00e9es via le site sont :<\/p><ul data-start=\"1226\" data-end=\"1324\"><li data-section-id=\"xq2hqq\" data-start=\"1226\" data-end=\"1243\"><p data-start=\"1228\" data-end=\"1243\">Nom et pr\u00e9nom<\/p><\/li><li data-section-id=\"14i9cz7\" data-start=\"1244\" data-end=\"1261\"><p data-start=\"1246\" data-end=\"1261\">Adresse email<\/p><\/li><li data-section-id=\"1m5x4nj\" data-start=\"1262\" data-end=\"1285\"><p data-start=\"1264\" data-end=\"1285\">Num\u00e9ro de t\u00e9l\u00e9phone<\/p><\/li><li data-section-id=\"ymvr6d\" data-start=\"1286\" data-end=\"1324\"><p data-start=\"1288\" data-end=\"1324\">Informations li\u00e9es \u00e0 votre demande<\/p><\/li><\/ul><p data-start=\"1326\" data-end=\"1385\">Ces donn\u00e9es sont collect\u00e9es uniquement via les formulaires.<\/p>\t\t\t\t\t\t\t\t<\/div>\n\t\t\t\t<div class=\"elementor-element elementor-element-685c87c elementor-widget elementor-widget-text-editor\" data-id=\"685c87c\" data-element_type=\"widget\" data-e-type=\"widget\" data-widget_type=\"text-editor.default\">\n\t\t\t\t\t\t\t\t\t<h5>2. Utilisation des donn\u00e9es<\/h5>\t\t\t\t\t\t\t\t<\/div>\n\t\t\t\t<div class=\"elementor-element elementor-element-c5963e1 elementor-widget elementor-widget-text-editor\" data-id=\"c5963e1\" data-element_type=\"widget\" data-e-type=\"widget\" data-widget_type=\"text-editor.default\">\n\t\t\t\t\t\t\t\t\t<p data-start=\"1424\" data-end=\"1457\">Les donn\u00e9es sont utilis\u00e9es pour :<\/p><ul data-start=\"1459\" data-end=\"1550\"><li data-section-id=\"17h4jvw\" data-start=\"1459\" data-end=\"1484\"><p data-start=\"1461\" data-end=\"1484\">R\u00e9pondre aux demandes<\/p><\/li><li data-section-id=\"z9j971\" data-start=\"1485\" data-end=\"1516\"><p data-start=\"1487\" data-end=\"1516\">\u00c9changer autour d\u2019un projet<\/p><\/li><li data-section-id=\"lvdi0i\" data-start=\"1517\" data-end=\"1550\"><p data-start=\"1519\" data-end=\"1550\">\u00c9tablir un devis personnalis\u00e9<\/p><\/li><\/ul><p data-start=\"1552\" data-end=\"1615\">Aucune donn\u00e9e n\u2019est vendue ou utilis\u00e9e \u00e0 des fins commerciales.<\/p>\t\t\t\t\t\t\t\t<\/div>\n\t\t\t\t<div class=\"elementor-element elementor-element-cc41d53 elementor-widget elementor-widget-text-editor\" data-id=\"cc41d53\" data-element_type=\"widget\" data-e-type=\"widget\" data-widget_type=\"text-editor.default\">\n\t\t\t\t\t\t\t\t\t<h5>3. Dur\u00e9e de conservation<\/h5>\t\t\t\t\t\t\t\t<\/div>\n\t\t\t\t<div class=\"elementor-element elementor-element-89a220e elementor-widget elementor-widget-text-editor\" data-id=\"89a220e\" data-element_type=\"widget\" data-e-type=\"widget\" data-widget_type=\"text-editor.default\">\n\t\t\t\t\t\t\t\t\t<p data-start=\"1424\" data-end=\"1457\">Les donn\u00e9es sont conserv\u00e9es pendant une dur\u00e9e maximale de <strong data-start=\"1710\" data-end=\"1719\">3 ans<\/strong>.<\/p>\t\t\t\t\t\t\t\t<\/div>\n\t\t\t\t<div class=\"elementor-element elementor-element-839b95b elementor-widget elementor-widget-text-editor\" data-id=\"839b95b\" data-element_type=\"widget\" data-e-type=\"widget\" data-widget_type=\"text-editor.default\">\n\t\t\t\t\t\t\t\t\t<h5>4. S\u00e9curit\u00e9<\/h5>\t\t\t\t\t\t\t\t<\/div>\n\t\t\t\t<div class=\"elementor-element elementor-element-40232fe elementor-widget elementor-widget-text-editor\" data-id=\"40232fe\" data-element_type=\"widget\" data-e-type=\"widget\" data-widget_type=\"text-editor.default\">\n\t\t\t\t\t\t\t\t\t<p data-start=\"1424\" data-end=\"1457\">Les donn\u00e9es sont prot\u00e9g\u00e9es via des mesures techniques et organisationnelles adapt\u00e9es.<\/p>\t\t\t\t\t\t\t\t<\/div>\n\t\t\t\t<div class=\"elementor-element elementor-element-704272d elementor-widget elementor-widget-text-editor\" data-id=\"704272d\" data-element_type=\"widget\" data-e-type=\"widget\" data-widget_type=\"text-editor.default\">\n\t\t\t\t\t\t\t\t\t<h5>5. Cookies<\/h5>\t\t\t\t\t\t\t\t<\/div>\n\t\t\t\t<div class=\"elementor-element elementor-element-014092f elementor-widget elementor-widget-text-editor\" data-id=\"014092f\" data-element_type=\"widget\" data-e-type=\"widget\" data-widget_type=\"text-editor.default\">\n\t\t\t\t\t\t\t\t\t<p data-start=\"1852\" data-end=\"1886\">Le site utilise des cookies pour :<\/p><ul data-start=\"1888\" data-end=\"1949\"><li data-section-id=\"1y50ax8\" data-start=\"1888\" data-end=\"1926\"><p data-start=\"1890\" data-end=\"1926\">am\u00e9liorer l\u2019exp\u00e9rience utilisateur<\/p><\/li><li data-section-id=\"1fpzt42\" data-start=\"1927\" data-end=\"1949\"><p data-start=\"1929\" data-end=\"1949\">mesurer l\u2019audience<\/p><\/li><\/ul>\t\t\t\t\t\t\t\t<\/div>\n\t\t\t\t<div class=\"elementor-element elementor-element-f790210 elementor-widget elementor-widget-text-editor\" data-id=\"f790210\" data-element_type=\"widget\" data-e-type=\"widget\" data-widget_type=\"text-editor.default\">\n\t\t\t\t\t\t\t\t\t<h5>6. Vos droits<\/h5>\t\t\t\t\t\t\t\t<\/div>\n\t\t\t\t<div class=\"elementor-element elementor-element-0ca4614 elementor-widget elementor-widget-text-editor\" data-id=\"0ca4614\" data-element_type=\"widget\" data-e-type=\"widget\" data-widget_type=\"text-editor.default\">\n\t\t\t\t\t\t\t\t\t<p data-start=\"1975\" data-end=\"1997\">Conform\u00e9ment au RGPD :<\/p><ul data-start=\"1999\" data-end=\"2068\"><li data-section-id=\"1v4i4nf\" data-start=\"1999\" data-end=\"2016\"><p data-start=\"2001\" data-end=\"2016\">droit d\u2019acc\u00e8s<\/p><\/li><li data-section-id=\"xanhyt\" data-start=\"2017\" data-end=\"2043\"><p data-start=\"2019\" data-end=\"2043\">droit de rectification<\/p><\/li><li data-section-id=\"mo2y6s\" data-start=\"2044\" data-end=\"2068\"><p data-start=\"2046\" data-end=\"2068\">droit de suppression<\/p><\/li><\/ul><p data-start=\"2070\" data-end=\"2079\">Contact : celine@hanaya-fleurs.com<\/p>\t\t\t\t\t\t\t\t<\/div>\n\t\t\t\t<div class=\"elementor-element elementor-element-36300fe elementor-widget elementor-widget-text-editor\" data-id=\"36300fe\" data-element_type=\"widget\" data-e-type=\"widget\" data-widget_type=\"text-editor.default\">\n\t\t\t\t\t\t\t\t\t<h5>\u00c9diteur du site<\/h5>\t\t\t\t\t\t\t\t<\/div>\n\t\t\t\t<div class=\"elementor-element elementor-element-ba81693 elementor-widget elementor-widget-text-editor\" data-id=\"ba81693\" data-element_type=\"widget\" data-e-type=\"widget\" data-widget_type=\"text-editor.default\">\n\t\t\t\t\t\t\t\t\t<p>Hanaya Fleurs<br data-start=\"328\" data-end=\"331\" \/>C\u00e9line Blandet<br data-start=\"366\" data-end=\"369\" \/>Statut : SAS, soci\u00e9t\u00e9 par actions simplifi\u00e9e<br data-start=\"407\" data-end=\"410\" \/>Adresse : 12 IMPASSE MILLET 13111 COUDOUX<br data-start=\"441\" data-end=\"444\" \/>Email : celine@hanaya-fleur.com<br data-start=\"471\" data-end=\"474\" \/>T\u00e9l\u00e9phone : 06 24 96 16 09<\/p>\t\t\t\t\t\t\t\t<\/div>\n\t\t\t\t\t<\/div>\n\t\t\t\t<\/div>\n\t\t<div class=\"elementor-element elementor-element-1b28768 e-flex e-con-boxed e-con e-parent\" data-id=\"1b28768\" data-element_type=\"container\" data-e-type=\"container\">\n\t\t\t\t\t<div class=\"e-con-inner\">\n\t\t\t\t<div class=\"elementor-element elementor-element-259f29c elementor-align-right elementor-fixed elementor-widget elementor-widget-button\" data-id=\"259f29c\" data-element_type=\"widget\" data-e-type=\"widget\" data-settings=\"{&quot;_position&quot;:&quot;fixed&quot;}\" data-widget_type=\"button.default\">\n\t\t\t\t\t\t\t\t\t\t<a class=\"elementor-button elementor-button-link elementor-size-sm\" href=\"#\">\n\t\t\t\t\t\t<span class=\"elementor-button-content-wrapper\">\n\t\t\t\t\t\t<span class=\"elementor-button-icon\">\n\t\t\t\t<svg aria-hidden=\"true\" class=\"e-font-icon-svg e-fas-arrow-up\" viewbox=\"0 0 448 512\" xmlns=\"http:\/\/www.w3.org\/2000\/svg\"><path d=\"M34.9 289.5l-22.2-22.2c-9.4-9.4-9.4-24.6 0-33.9L207 39c9.4-9.4 24.6-9.4 33.9 0l194.3 194.3c9.4 9.4 9.4 24.6 0 33.9L413 289.4c-9.5 9.5-25 9.3-34.3-.4L264 168.6V456c0 13.3-10.7 24-24 24h-32c-13.3 0-24-10.7-24-24V168.6L69.2 289.1c-9.3 9.8-24.8 10-34.3.4z\"><\/path><\/svg>\t\t\t<\/span>\n\t\t\t\t\t\t\t\t<\/span>\n\t\t\t\t\t<\/a>\n\t\t\t\t\t\t\t\t<\/div>\n\t\t\t\t\t<\/div>\n\t\t\t\t<\/div>\n\t\t\t\t<\/div>","protected":false},"excerpt":{"rendered":"<p>Politique de confidentialit\u00e9 1. Donn\u00e9es collect\u00e9es Les donn\u00e9es personnelles collect\u00e9es via le site sont : Nom et pr\u00e9nom Adresse email Num\u00e9ro de t\u00e9l\u00e9phone Informations li\u00e9es \u00e0 votre demande Ces donn\u00e9es sont collect\u00e9es uniquement via les formulaires. 2. Utilisation des donn\u00e9es Les donn\u00e9es sont utilis\u00e9es pour : R\u00e9pondre aux demandes \u00c9changer autour d\u2019un projet \u00c9tablir un [&hellip;]<\/p>\n","protected":false},"author":12,"featured_media":0,"parent":0,"menu_order":0,"comment_status":"closed","ping_status":"closed","template":"","meta":{"_acf_changed":false,"footnotes":""},"class_list":["post-52793","page","type-page","status-publish","hentry"],"acf":[],"yoast_head":"<!-- This site is optimized with the Yoast SEO plugin v27.5 - https:\/\/yoast.com\/product\/yoast-seo-wordpress\/ -->\n<title>Politique de confidentialit\u00e9 -<\/title>\n<meta name=\"robots\" content=\"noindex, nofollow\" \/>\n<meta property=\"og:locale\" content=\"en_GB\" \/>\n<meta property=\"og:type\" content=\"article\" \/>\n<meta property=\"og:title\" content=\"Politique de confidentialit\u00e9 -\" \/>\n<meta property=\"og:description\" content=\"Politique de confidentialit\u00e9 1. Donn\u00e9es collect\u00e9es Les donn\u00e9es personnelles collect\u00e9es via le site sont : Nom et pr\u00e9nom Adresse email Num\u00e9ro de t\u00e9l\u00e9phone Informations li\u00e9es \u00e0 votre demande Ces donn\u00e9es sont collect\u00e9es uniquement via les formulaires. 2. Utilisation des donn\u00e9es Les donn\u00e9es sont utilis\u00e9es pour : R\u00e9pondre aux demandes \u00c9changer autour d\u2019un projet \u00c9tablir un [&hellip;]\" \/>\n<meta property=\"og:url\" content=\"https:\/\/www.hanaya-fleurs.com\/en\/politique-de-confidentialite\/\" \/>\n<meta property=\"article:modified_time\" content=\"2026-03-18T22:49:46+00:00\" \/>\n<meta name=\"twitter:card\" content=\"summary_large_image\" \/>\n<meta name=\"twitter:label1\" content=\"Estimated reading time\" \/>\n\t<meta name=\"twitter:data1\" content=\"1 minute\" \/>\n<script type=\"application\/ld+json\" class=\"yoast-schema-graph\">{\"@context\":\"https:\\\/\\\/schema.org\",\"@graph\":[{\"@type\":\"WebPage\",\"@id\":\"https:\\\/\\\/www.hanaya-fleurs.com\\\/politique-de-confidentialite\\\/\",\"url\":\"https:\\\/\\\/www.hanaya-fleurs.com\\\/politique-de-confidentialite\\\/\",\"name\":\"Politique de confidentialit\u00e9 -\",\"isPartOf\":{\"@id\":\"https:\\\/\\\/www.hanaya-fleurs.com\\\/#website\"},\"datePublished\":\"2022-01-28T14:08:45+00:00\",\"dateModified\":\"2026-03-18T22:49:46+00:00\",\"breadcrumb\":{\"@id\":\"https:\\\/\\\/www.hanaya-fleurs.com\\\/politique-de-confidentialite\\\/#breadcrumb\"},\"inLanguage\":\"en-GB\",\"potentialAction\":[{\"@type\":\"ReadAction\",\"target\":[\"https:\\\/\\\/www.hanaya-fleurs.com\\\/politique-de-confidentialite\\\/\"]}]},{\"@type\":\"BreadcrumbList\",\"@id\":\"https:\\\/\\\/www.hanaya-fleurs.com\\\/politique-de-confidentialite\\\/#breadcrumb\",\"itemListElement\":[{\"@type\":\"ListItem\",\"position\":1,\"name\":\"Accueil\",\"item\":\"https:\\\/\\\/www.hanaya-fleurs.com\\\/\"},{\"@type\":\"ListItem\",\"position\":2,\"name\":\"Politique de confidentialit\u00e9\"}]},{\"@type\":\"WebSite\",\"@id\":\"https:\\\/\\\/www.hanaya-fleurs.com\\\/#website\",\"url\":\"https:\\\/\\\/www.hanaya-fleurs.com\\\/\",\"name\":\"\",\"description\":\"\",\"potentialAction\":[{\"@type\":\"SearchAction\",\"target\":{\"@type\":\"EntryPoint\",\"urlTemplate\":\"https:\\\/\\\/www.hanaya-fleurs.com\\\/?s={search_term_string}\"},\"query-input\":{\"@type\":\"PropertyValueSpecification\",\"valueRequired\":true,\"valueName\":\"search_term_string\"}}],\"inLanguage\":\"en-GB\"}]}<\/script>\n<!-- \/ Yoast SEO plugin. -->","yoast_head_json":{"title":"Politique de confidentialit\u00e9 -","robots":{"index":"noindex","follow":"nofollow"},"og_locale":"en_GB","og_type":"article","og_title":"Politique de confidentialit\u00e9 -","og_description":"Politique de confidentialit\u00e9 1. Donn\u00e9es collect\u00e9es Les donn\u00e9es personnelles collect\u00e9es via le site sont : Nom et pr\u00e9nom Adresse email Num\u00e9ro de t\u00e9l\u00e9phone Informations li\u00e9es \u00e0 votre demande Ces donn\u00e9es sont collect\u00e9es uniquement via les formulaires. 2. Utilisation des donn\u00e9es Les donn\u00e9es sont utilis\u00e9es pour : R\u00e9pondre aux demandes \u00c9changer autour d\u2019un projet \u00c9tablir un [&hellip;]","og_url":"https:\/\/www.hanaya-fleurs.com\/en\/politique-de-confidentialite\/","article_modified_time":"2026-03-18T22:49:46+00:00","twitter_card":"summary_large_image","twitter_misc":{"Estimated reading time":"1 minute"},"schema":{"@context":"https:\/\/schema.org","@graph":[{"@type":"WebPage","@id":"https:\/\/www.hanaya-fleurs.com\/politique-de-confidentialite\/","url":"https:\/\/www.hanaya-fleurs.com\/politique-de-confidentialite\/","name":"Politique de confidentialit\u00e9 -","isPartOf":{"@id":"https:\/\/www.hanaya-fleurs.com\/#website"},"datePublished":"2022-01-28T14:08:45+00:00","dateModified":"2026-03-18T22:49:46+00:00","breadcrumb":{"@id":"https:\/\/www.hanaya-fleurs.com\/politique-de-confidentialite\/#breadcrumb"},"inLanguage":"en-GB","potentialAction":[{"@type":"ReadAction","target":["https:\/\/www.hanaya-fleurs.com\/politique-de-confidentialite\/"]}]},{"@type":"BreadcrumbList","@id":"https:\/\/www.hanaya-fleurs.com\/politique-de-confidentialite\/#breadcrumb","itemListElement":[{"@type":"ListItem","position":1,"name":"Accueil","item":"https:\/\/www.hanaya-fleurs.com\/"},{"@type":"ListItem","position":2,"name":"Politique de confidentialit\u00e9"}]},{"@type":"WebSite","@id":"https:\/\/www.hanaya-fleurs.com\/#website","url":"https:\/\/www.hanaya-fleurs.com\/","name":"","description":"","potentialAction":[{"@type":"SearchAction","target":{"@type":"EntryPoint","urlTemplate":"https:\/\/www.hanaya-fleurs.com\/?s={search_term_string}"},"query-input":{"@type":"PropertyValueSpecification","valueRequired":true,"valueName":"search_term_string"}}],"inLanguage":"en-GB"}]}},"_links":{"self":[{"href":"https:\/\/www.hanaya-fleurs.com\/en\/wp-json\/wp\/v2\/pages\/52793","targetHints":{"allow":["GET"]}}],"collection":[{"href":"https:\/\/www.hanaya-fleurs.com\/en\/wp-json\/wp\/v2\/pages"}],"about":[{"href":"https:\/\/www.hanaya-fleurs.com\/en\/wp-json\/wp\/v2\/types\/page"}],"author":[{"embeddable":true,"href":"https:\/\/www.hanaya-fleurs.com\/en\/wp-json\/wp\/v2\/users\/12"}],"replies":[{"embeddable":true,"href":"https:\/\/www.hanaya-fleurs.com\/en\/wp-json\/wp\/v2\/comments?post=52793"}],"version-history":[{"count":16,"href":"https:\/\/www.hanaya-fleurs.com\/en\/wp-json\/wp\/v2\/pages\/52793\/revisions"}],"predecessor-version":[{"id":55526,"href":"https:\/\/www.hanaya-fleurs.com\/en\/wp-json\/wp\/v2\/pages\/52793\/revisions\/55526"}],"wp:attachment":[{"href":"https:\/\/www.hanaya-fleurs.com\/en\/wp-json\/wp\/v2\/media?parent=52793"}],"curies":[{"name":"wp","href":"https:\/\/api.w.org\/{rel}","templated":true}]}}