{"id":56532,"date":"2026-04-07T10:16:15","date_gmt":"2026-04-07T08:16:15","guid":{"rendered":"https:\/\/www.hanaya-fleurs.com\/?page_id=56532"},"modified":"2026-04-08T10:43:58","modified_gmt":"2026-04-08T08:43:58","slug":"a-propos","status":"publish","type":"page","link":"https:\/\/www.hanaya-fleurs.com\/en\/a-propos\/","title":{"rendered":"\u00c0 PROPOS"},"content":{"rendered":"<div data-elementor-type=\"wp-page\" data-elementor-id=\"56532\" class=\"elementor elementor-56532\">\n\t\t\t\t<div class=\"elementor-element elementor-element-a33b102 e-flex e-con-boxed e-con e-parent\" data-id=\"a33b102\" data-element_type=\"container\" data-e-type=\"container\">\n\t\t\t\t\t<div class=\"e-con-inner\">\n\t\t<div class=\"elementor-element elementor-element-140e78a e-con-full e-flex elementor-invisible e-con e-child\" data-id=\"140e78a\" data-element_type=\"container\" data-e-type=\"container\" data-settings=\"{&quot;animation&quot;:&quot;fadeInLeft&quot;}\">\n\t\t\t\t<div class=\"elementor-element elementor-element-dfe64ce elementor-widget elementor-widget-text-editor\" data-id=\"dfe64ce\" data-element_type=\"widget\" data-e-type=\"widget\" data-widget_type=\"text-editor.default\">\n\t\t\t\t\t\t\t\t\t<h2>\u00e0 propos<\/h2>\t\t\t\t\t\t\t\t<\/div>\n\t\t\t\t<div class=\"elementor-element elementor-element-e046276 elementor-widget elementor-widget-image\" data-id=\"e046276\" data-element_type=\"widget\" data-e-type=\"widget\" data-widget_type=\"image.default\">\n\t\t\t\t\t\t\t\t\t\t\t\t\t\t\t<img fetchpriority=\"high\" decoding=\"async\" width=\"768\" height=\"1150\" src=\"https:\/\/www.hanaya-fleurs.com\/wp-content\/uploads\/2026\/04\/01.jpg\" class=\"attachment-medium_large size-medium_large wp-image-56547\" alt=\"\" srcset=\"https:\/\/www.hanaya-fleurs.com\/wp-content\/uploads\/2026\/04\/01.jpg 768w, https:\/\/www.hanaya-fleurs.com\/wp-content\/uploads\/2026\/04\/01-200x300.jpg 200w, https:\/\/www.hanaya-fleurs.com\/wp-content\/uploads\/2026\/04\/01-684x1024.jpg 684w, https:\/\/www.hanaya-fleurs.com\/wp-content\/uploads\/2026\/04\/01-8x12.jpg 8w, https:\/\/www.hanaya-fleurs.com\/wp-content\/uploads\/2026\/04\/01-600x898.jpg 600w\" sizes=\"(max-width: 768px) 100vw, 768px\" \/>\t\t\t\t\t\t\t\t\t\t\t\t\t\t\t<\/div>\n\t\t\t\t<\/div>\n\t\t<div class=\"elementor-element elementor-element-2683e4c e-con-full e-flex elementor-invisible e-con e-child\" data-id=\"2683e4c\" data-element_type=\"container\" data-e-type=\"container\" data-settings=\"{&quot;animation&quot;:&quot;fadeInRight&quot;}\">\n\t\t\t\t<div class=\"elementor-element elementor-element-25f9f94 elementor-widget__width-initial elementor-widget elementor-widget-text-editor\" data-id=\"25f9f94\" data-element_type=\"widget\" data-e-type=\"widget\" data-widget_type=\"text-editor.default\">\n\t\t\t\t\t\t\t\t\t<h3><span class=\"TextRun SCXW148029925 BCX0\" lang=\"FR-FR\" xml:lang=\"FR-FR\" data-contrast=\"auto\"><span class=\"NormalTextRun SCXW148029925 BCX0\">Une approche florale sensible, au service des moments qui comptent<\/span><\/span><span class=\"EOP Selected SCXW148029925 BCX0\" data-ccp-props=\"{}\">\u00a0<\/span><\/h3>\t\t\t\t\t\t\t\t<\/div>\n\t\t\t\t<div class=\"elementor-element elementor-element-937c094 elementor-widget elementor-widget-text-editor\" data-id=\"937c094\" data-element_type=\"widget\" data-e-type=\"widget\" data-widget_type=\"text-editor.default\">\n\t\t\t\t\t\t\t\t\t<p><span data-contrast=\"auto\">Chez\u00a0<strong>Hanaya\u00a0Fleurs<\/strong>, chaque projet est pens\u00e9 comme une exp\u00e9rience \u00e0 part enti\u00e8re.<\/span>\u00a0<br \/><span data-contrast=\"auto\">Au-del\u00e0 des fleurs, il s\u2019agit de cr\u00e9er une atmosph\u00e8re, un \u00e9quilibre, une pr\u00e9sence qui accompagne naturellement chaque instant.<\/span><span data-ccp-props=\"{}\">\u00a0<\/span><\/p><p><span data-contrast=\"auto\">L\u2019\u00e9l\u00e9gance ne se cherche pas, elle se construit dans les d\u00e9tails, dans les choix de textures, de mouvements, de saisonnalit\u00e9.<\/span>\u00a0<br \/><span data-contrast=\"auto\">C\u2019est cette recherche d\u2019harmonie, \u00e0 la fois subtile et vivante, qui guide chaque cr\u00e9ation.<\/span><span data-ccp-props=\"{}\">\u00a0<\/span><\/p>\t\t\t\t\t\t\t\t<\/div>\n\t\t\t\t<\/div>\n\t\t\t\t\t<\/div>\n\t\t\t\t<\/div>\n\t\t<div class=\"elementor-element elementor-element-9573140 e-flex e-con-boxed e-con e-parent\" data-id=\"9573140\" data-element_type=\"container\" data-e-type=\"container\">\n\t\t\t\t\t<div class=\"e-con-inner\">\n\t\t<div class=\"elementor-element elementor-element-b600b11 e-con-full e-flex elementor-invisible e-con e-child\" data-id=\"b600b11\" data-element_type=\"container\" data-e-type=\"container\" data-settings=\"{&quot;animation&quot;:&quot;fadeInRight&quot;}\">\n\t\t\t\t<div class=\"elementor-element elementor-element-e3d3d6b elementor-widget__width-initial elementor-widget elementor-widget-text-editor\" data-id=\"e3d3d6b\" data-element_type=\"widget\" data-e-type=\"widget\" data-widget_type=\"text-editor.default\">\n\t\t\t\t\t\t\t\t\t<h3><span class=\"TextRun SCXW183057105 BCX0\" lang=\"FR-FR\" xml:lang=\"FR-FR\" data-contrast=\"auto\"><span class=\"NormalTextRun SCXW183057105 BCX0\">Une vision : des fleurs comme une exp\u00e9rience, pas seulement un d\u00e9cor<\/span><\/span><span class=\"EOP Selected SCXW183057105 BCX0\" data-ccp-props=\"{}\">\u00a0<\/span><\/h3>\t\t\t\t\t\t\t\t<\/div>\n\t\t\t\t<div class=\"elementor-element elementor-element-9a38c55 elementor-widget elementor-widget-text-editor\" data-id=\"9a38c55\" data-element_type=\"widget\" data-e-type=\"widget\" data-widget_type=\"text-editor.default\">\n\t\t\t\t\t\t\t\t\t<p><span data-contrast=\"auto\">Les fleurs ne sont pas envisag\u00e9es comme un simple \u00e9l\u00e9ment d\u00e9coratif, mais comme <strong>une composante essentielle de l\u2019ambiance.<\/strong><\/span><span data-ccp-props=\"{}\">\u00a0<\/span><\/p><p><span data-contrast=\"auto\">Elles accompagnent les \u00e9motions, structurent les espaces, et participent \u00e0 la fluidit\u00e9 d\u2019une journ\u00e9e.<\/span>\u00a0<br \/><span data-contrast=\"auto\">Chaque composition est pens\u00e9e pour s\u2019int\u00e9grer avec justesse \u00e0 son environnement, sans jamais \u00eatre fig\u00e9e.<\/span><span data-ccp-props=\"{}\">\u00a0<\/span><\/p><p><span data-contrast=\"auto\">Chaque cr\u00e9ation privil\u00e9gie des fleurs de saison et des approches respectueuses du vivant, pour une esth\u00e9tique \u00e0 la fois naturelle et responsable.<\/span><span data-ccp-props=\"{}\">\u00a0<\/span><\/p>\t\t\t\t\t\t\t\t<\/div>\n\t\t\t\t<\/div>\n\t\t<div class=\"elementor-element elementor-element-19299f2 e-con-full e-flex elementor-invisible e-con e-child\" data-id=\"19299f2\" data-element_type=\"container\" data-e-type=\"container\" data-settings=\"{&quot;animation&quot;:&quot;fadeInLeft&quot;}\">\n\t\t\t\t<div class=\"elementor-element elementor-element-69b80c7 elementor-widget elementor-widget-image\" data-id=\"69b80c7\" data-element_type=\"widget\" data-e-type=\"widget\" data-widget_type=\"image.default\">\n\t\t\t\t\t\t\t\t\t\t\t\t\t\t\t<img decoding=\"async\" width=\"768\" height=\"1150\" src=\"https:\/\/www.hanaya-fleurs.com\/wp-content\/uploads\/2026\/04\/02.jpg\" class=\"attachment-medium_large size-medium_large wp-image-56548\" alt=\"\" srcset=\"https:\/\/www.hanaya-fleurs.com\/wp-content\/uploads\/2026\/04\/02.jpg 768w, https:\/\/www.hanaya-fleurs.com\/wp-content\/uploads\/2026\/04\/02-200x300.jpg 200w, https:\/\/www.hanaya-fleurs.com\/wp-content\/uploads\/2026\/04\/02-684x1024.jpg 684w, https:\/\/www.hanaya-fleurs.com\/wp-content\/uploads\/2026\/04\/02-8x12.jpg 8w, https:\/\/www.hanaya-fleurs.com\/wp-content\/uploads\/2026\/04\/02-600x898.jpg 600w\" sizes=\"(max-width: 768px) 100vw, 768px\" \/>\t\t\t\t\t\t\t\t\t\t\t\t\t\t\t<\/div>\n\t\t\t\t<\/div>\n\t\t\t\t\t<\/div>\n\t\t\t\t<\/div>\n\t\t<div class=\"elementor-element elementor-element-1cf3bfc e-flex e-con-boxed e-con e-parent\" data-id=\"1cf3bfc\" data-element_type=\"container\" data-e-type=\"container\">\n\t\t\t\t\t<div class=\"e-con-inner\">\n\t\t<div class=\"elementor-element elementor-element-29aca5a e-con-full e-flex elementor-invisible e-con e-child\" data-id=\"29aca5a\" data-element_type=\"container\" data-e-type=\"container\" data-settings=\"{&quot;animation&quot;:&quot;fadeInLeft&quot;}\">\n\t\t\t\t<div class=\"elementor-element elementor-element-b8c04a5 elementor-widget elementor-widget-image\" data-id=\"b8c04a5\" data-element_type=\"widget\" data-e-type=\"widget\" data-widget_type=\"image.default\">\n\t\t\t\t\t\t\t\t\t\t\t\t\t\t\t<img decoding=\"async\" width=\"768\" height=\"1150\" src=\"https:\/\/www.hanaya-fleurs.com\/wp-content\/uploads\/2026\/04\/03.jpg\" class=\"attachment-medium_large size-medium_large wp-image-56549\" alt=\"\" srcset=\"https:\/\/www.hanaya-fleurs.com\/wp-content\/uploads\/2026\/04\/03.jpg 768w, https:\/\/www.hanaya-fleurs.com\/wp-content\/uploads\/2026\/04\/03-200x300.jpg 200w, https:\/\/www.hanaya-fleurs.com\/wp-content\/uploads\/2026\/04\/03-684x1024.jpg 684w, https:\/\/www.hanaya-fleurs.com\/wp-content\/uploads\/2026\/04\/03-8x12.jpg 8w, https:\/\/www.hanaya-fleurs.com\/wp-content\/uploads\/2026\/04\/03-600x898.jpg 600w\" sizes=\"(max-width: 768px) 100vw, 768px\" \/>\t\t\t\t\t\t\t\t\t\t\t\t\t\t\t<\/div>\n\t\t\t\t<\/div>\n\t\t<div class=\"elementor-element elementor-element-7f7e6f4 e-con-full e-flex elementor-invisible e-con e-child\" data-id=\"7f7e6f4\" data-element_type=\"container\" data-e-type=\"container\" data-settings=\"{&quot;animation&quot;:&quot;fadeInRight&quot;}\">\n\t\t\t\t<div class=\"elementor-element elementor-element-6f73381 elementor-widget__width-initial elementor-widget elementor-widget-text-editor\" data-id=\"6f73381\" data-element_type=\"widget\" data-e-type=\"widget\" data-widget_type=\"text-editor.default\">\n\t\t\t\t\t\t\t\t\t<h3><span class=\"TextRun SCXW216693888 BCX0\" lang=\"FR-FR\" xml:lang=\"FR-FR\" data-contrast=\"auto\"><span class=\"NormalTextRun SCXW216693888 BCX0\">Une approche sur mesure, attentive et fluide<\/span><\/span><\/h3>\t\t\t\t\t\t\t\t<\/div>\n\t\t\t\t<div class=\"elementor-element elementor-element-2913a43 elementor-widget elementor-widget-text-editor\" data-id=\"2913a43\" data-element_type=\"widget\" data-e-type=\"widget\" data-widget_type=\"text-editor.default\">\n\t\t\t\t\t\t\t\t\t<p><span data-contrast=\"auto\"><strong>Chaque projet fait l\u2019objet<\/strong> <strong>d\u2019un accompagnement attentif<\/strong>, depuis les premiers \u00e9changes jusqu\u2019\u00e0 l\u2019installation sur le lieu.<\/span><span data-ccp-props=\"{}\">\u00a0<\/span><\/p><p><span data-contrast=\"auto\">L\u2019\u00e9coute, la pr\u00e9cision et l\u2019anticipation permettent de concevoir des d\u00e9cors coh\u00e9rents, en lien avec le lieu, la lumi\u00e8re et l\u2019atmosph\u00e8re souhait\u00e9e.<\/span><span data-ccp-props=\"{}\">\u00a0<\/span><\/p><p><strong>L\u2019objectif : permettre aux clients de vivre pleinement leur \u00e9v\u00e9nement, avec s\u00e9r\u00e9nit\u00e9.<\/strong><span data-ccp-props=\"{}\">\u00a0<\/span><\/p>\t\t\t\t\t\t\t\t<\/div>\n\t\t\t\t<\/div>\n\t\t\t\t\t<\/div>\n\t\t\t\t<\/div>\n\t\t<div class=\"elementor-element elementor-element-196af28 e-flex e-con-boxed e-con e-parent\" data-id=\"196af28\" data-element_type=\"container\" data-e-type=\"container\">\n\t\t\t\t\t<div class=\"e-con-inner\">\n\t\t\t\t<div class=\"elementor-element elementor-element-aae3c9e elementor-widget elementor-widget-heading\" data-id=\"aae3c9e\" data-element_type=\"widget\" data-e-type=\"widget\" data-widget_type=\"heading.default\">\n\t\t\t\t\t<h3 class=\"elementor-heading-title elementor-size-default\">C\u00e9line, fondatrice <\/h3>\t\t\t\t<\/div>\n\t\t\t\t<div class=\"elementor-element elementor-element-eb194c7 elementor-widget elementor-widget-image\" data-id=\"eb194c7\" data-element_type=\"widget\" data-e-type=\"widget\" data-widget_type=\"image.default\">\n\t\t\t\t\t\t\t\t\t\t\t\t\t\t\t<img loading=\"lazy\" decoding=\"async\" width=\"768\" height=\"492\" src=\"https:\/\/www.hanaya-fleurs.com\/wp-content\/uploads\/2026\/04\/Celine-fondatrice-768x492.jpg\" class=\"attachment-medium_large size-medium_large wp-image-56550\" alt=\"\" srcset=\"https:\/\/www.hanaya-fleurs.com\/wp-content\/uploads\/2026\/04\/Celine-fondatrice-768x492.jpg 768w, https:\/\/www.hanaya-fleurs.com\/wp-content\/uploads\/2026\/04\/Celine-fondatrice-300x192.jpg 300w, https:\/\/www.hanaya-fleurs.com\/wp-content\/uploads\/2026\/04\/Celine-fondatrice-1024x655.jpg 1024w, https:\/\/www.hanaya-fleurs.com\/wp-content\/uploads\/2026\/04\/Celine-fondatrice-18x12.jpg 18w, https:\/\/www.hanaya-fleurs.com\/wp-content\/uploads\/2026\/04\/Celine-fondatrice-600x384.jpg 600w, https:\/\/www.hanaya-fleurs.com\/wp-content\/uploads\/2026\/04\/Celine-fondatrice.jpg 1200w\" sizes=\"(max-width: 768px) 100vw, 768px\" \/>\t\t\t\t\t\t\t\t\t\t\t\t\t\t\t<\/div>\n\t\t\t\t<div class=\"elementor-element elementor-element-77b0ecc elementor-widget elementor-widget-text-editor\" data-id=\"77b0ecc\" data-element_type=\"widget\" data-e-type=\"widget\" data-widget_type=\"text-editor.default\">\n\t\t\t\t\t\t\t\t\t<p><strong>Derri\u00e8re\u00a0Hanaya\u00a0Fleurs, il y a C\u00e9line.\u00a0<\/strong><\/p><p><span data-contrast=\"auto\">Apr\u00e8s un premier parcours dans un univers structur\u00e9, elle choisit de se consacrer \u00e0 la cr\u00e9ation florale, avec une approche plus sensible et artisanale.<\/span><span data-ccp-props=\"{}\">\u00a0<\/span><\/p><p><span data-contrast=\"auto\">Depuis 2018, elle imagine des d\u00e9cors floraux sur mesure pour des mariages et \u00e9v\u00e9nements en Provence, avec une attention particuli\u00e8re port\u00e9e \u00e0 l\u2019\u00e9quilibre, \u00e0 la saisonnalit\u00e9 et \u00e0 la qualit\u00e9 des mati\u00e8res.<\/span><span data-ccp-props=\"{}\">\u00a0<\/span><\/p><p><span data-contrast=\"auto\">Son approche, profond\u00e9ment v\u00e9g\u00e9tale, laisse une place essentielle aux feuillages, aux mouvements naturels et \u00e0 une forme de libert\u00e9 dans les compositions.<\/span><span data-ccp-props=\"{}\">\u00a0<\/span><\/p><p>\u00a0<\/p><p><b><span data-contrast=\"auto\">Un atelier ancr\u00e9 en Provence<\/span><\/b><span data-ccp-props=\"{}\">\u00a0<\/span><\/p><p><span data-contrast=\"auto\">Install\u00e9 \u00e0 Coudoux, pr\u00e8s d\u2019Aix-en-Provence, l\u2019atelier con\u00e7oit\u00a0travaille au rythme des saisons, en privil\u00e9giant des approches respectueuses du vivant.<\/span><span data-ccp-props=\"{}\">\u00a0<\/span><\/p><p><span data-contrast=\"auto\">Chaque projet est pens\u00e9 en lien avec son environnement, pour cr\u00e9er des d\u00e9cors en harmonie avec les lieux et les paysages de la r\u00e9gion.<\/span><span data-ccp-props=\"{}\">\u00a0<\/span><\/p>\t\t\t\t\t\t\t\t<\/div>\n\t\t\t\t\t<\/div>\n\t\t\t\t<\/div>\n\t\t<div class=\"elementor-element elementor-element-8b66b3b e-con-full e-flex e-con e-parent\" data-id=\"8b66b3b\" data-element_type=\"container\" data-e-type=\"container\">\n\t\t\t\t<div class=\"elementor-element elementor-element-94b31cb elementor-widget elementor-widget-text-editor\" data-id=\"94b31cb\" data-element_type=\"widget\" data-e-type=\"widget\" data-widget_type=\"text-editor.default\">\n\t\t\t\t\t\t\t\t\t<h3><span class=\"TextRun SCXW155512152 BCX0\" lang=\"FR-FR\" xml:lang=\"FR-FR\" data-contrast=\"auto\"><span class=\"NormalTextRun SCXW155512152 BCX0\">D\u00e9couvrir l\u2019exp\u00e9rience\u00a0<\/span><span class=\"NormalTextRun SpellingErrorV2Themed SCXW155512152 BCX0\">Hanaya<\/span><\/span><span class=\"EOP Selected SCXW155512152 BCX0\" data-ccp-props=\"{}\">\u00a0<\/span><\/h3>\t\t\t\t\t\t\t\t<\/div>\n\t\t\t\t<div class=\"elementor-element elementor-element-73e9c9b elementor-widget elementor-widget-text-editor\" data-id=\"73e9c9b\" data-element_type=\"widget\" data-e-type=\"widget\" data-widget_type=\"text-editor.default\">\n\t\t\t\t\t\t\t\t\t<h4><span class=\"TextRun SCXW50612719 BCX0\" lang=\"FR-FR\" xml:lang=\"FR-FR\" data-contrast=\"auto\"><span class=\"NormalTextRun SCXW50612719 BCX0\">Cr\u00e9er une atmosph\u00e8re juste, \u00e9l\u00e9gante et fluide demande une attention particuli\u00e8re \u00e0 chaque d\u00e9tail.<\/span><\/span><span class=\"EOP Selected SCXW50612719 BCX0\" data-ccp-props=\"{}\">\u00a0<\/span><\/h4>\t\t\t\t\t\t\t\t<\/div>\n\t\t<div class=\"elementor-element elementor-element-f7a4cae e-con-full e-flex e-con e-child\" data-id=\"f7a4cae\" data-element_type=\"container\" data-e-type=\"container\">\n\t\t\t\t<div class=\"elementor-element elementor-element-867a9f7 elementor-align-center elementor-button-info elementor-invisible elementor-widget elementor-widget-button\" data-id=\"867a9f7\" data-element_type=\"widget\" data-e-type=\"widget\" data-settings=\"{&quot;_animation&quot;:&quot;fadeIn&quot;}\" data-widget_type=\"button.default\">\n\t\t\t\t\t\t\t\t\t\t<a class=\"elementor-button elementor-button-link elementor-size-sm\" href=\"https:\/\/www.hanaya-fleurs.com\/en\/mariage\/\">\n\t\t\t\t\t\t<span class=\"elementor-button-content-wrapper\">\n\t\t\t\t\t\t\t\t\t<span class=\"elementor-button-text\">D\u00e9couvrir l\u2019exp\u00e9rience mariage<\/span>\n\t\t\t\t\t<\/span>\n\t\t\t\t\t<\/a>\n\t\t\t\t\t\t\t\t<\/div>\n\t\t\t\t<div class=\"elementor-element elementor-element-cc77c58 elementor-align-center elementor-button-info elementor-invisible elementor-widget elementor-widget-button\" data-id=\"cc77c58\" data-element_type=\"widget\" data-e-type=\"widget\" data-settings=\"{&quot;_animation&quot;:&quot;fadeIn&quot;}\" data-widget_type=\"button.default\">\n\t\t\t\t\t\t\t\t\t\t<a class=\"elementor-button elementor-button-link elementor-size-sm\" href=\"https:\/\/calendly.com\/hanayafleursbyceline\/30min\">\n\t\t\t\t\t\t<span class=\"elementor-button-content-wrapper\">\n\t\t\t\t\t\t\t\t\t<span class=\"elementor-button-text\">Prendre rendez-vous<\/span>\n\t\t\t\t\t<\/span>\n\t\t\t\t\t<\/a>\n\t\t\t\t\t\t\t\t<\/div>\n\t\t\t\t<\/div>\n\t\t\t\t<\/div>\n\t\t<div class=\"elementor-element elementor-element-ebc328d e-flex e-con-boxed e-con e-child\" data-id=\"ebc328d\" data-element_type=\"container\" data-e-type=\"container\">\n\t\t\t\t\t<div class=\"e-con-inner\">\n\t\t\t\t<div class=\"elementor-element elementor-element-d48fa7b elementor-align-right elementor-fixed elementor-widget elementor-widget-button\" data-id=\"d48fa7b\" data-element_type=\"widget\" data-e-type=\"widget\" data-settings=\"{&quot;_position&quot;:&quot;fixed&quot;}\" data-widget_type=\"button.default\">\n\t\t\t\t\t\t\t\t\t\t<a class=\"elementor-button elementor-button-link elementor-size-sm\" href=\"#\">\n\t\t\t\t\t\t<span class=\"elementor-button-content-wrapper\">\n\t\t\t\t\t\t<span class=\"elementor-button-icon\">\n\t\t\t\t<svg aria-hidden=\"true\" class=\"e-font-icon-svg e-fas-arrow-up\" viewbox=\"0 0 448 512\" xmlns=\"http:\/\/www.w3.org\/2000\/svg\"><path d=\"M34.9 289.5l-22.2-22.2c-9.4-9.4-9.4-24.6 0-33.9L207 39c9.4-9.4 24.6-9.4 33.9 0l194.3 194.3c9.4 9.4 9.4 24.6 0 33.9L413 289.4c-9.5 9.5-25 9.3-34.3-.4L264 168.6V456c0 13.3-10.7 24-24 24h-32c-13.3 0-24-10.7-24-24V168.6L69.2 289.1c-9.3 9.8-24.8 10-34.3.4z\"><\/path><\/svg>\t\t\t<\/span>\n\t\t\t\t\t\t\t\t<\/span>\n\t\t\t\t\t<\/a>\n\t\t\t\t\t\t\t\t<\/div>\n\t\t\t\t\t<\/div>\n\t\t\t\t<\/div>\n\t\t\t\t<\/div>","protected":false},"excerpt":{"rendered":"<p>\u00e0 propos Une approche florale sensible, au service des moments qui comptent\u00a0 Chez\u00a0Hanaya\u00a0Fleurs, chaque projet est pens\u00e9 comme une exp\u00e9rience \u00e0 part enti\u00e8re.\u00a0Au-del\u00e0 des fleurs, il s\u2019agit de cr\u00e9er une atmosph\u00e8re, un \u00e9quilibre, une pr\u00e9sence qui accompagne naturellement chaque instant.\u00a0 L\u2019\u00e9l\u00e9gance ne se cherche pas, elle se construit dans les d\u00e9tails, dans les choix de [&hellip;]<\/p>\n","protected":false},"author":12,"featured_media":0,"parent":0,"menu_order":0,"comment_status":"closed","ping_status":"closed","template":"","meta":{"_acf_changed":false,"footnotes":""},"class_list":["post-56532","page","type-page","status-publish","hentry"],"acf":[],"yoast_head":"<!-- This site is optimized with the Yoast SEO plugin v27.3 - https:\/\/yoast.com\/product\/yoast-seo-wordpress\/ -->\n<title>\u00c0 PROPOS -<\/title>\n<meta name=\"robots\" content=\"index, follow, max-snippet:-1, max-image-preview:large, max-video-preview:-1\" \/>\n<link rel=\"canonical\" href=\"https:\/\/www.hanaya-fleurs.com\/en\/a-propos\/\" \/>\n<meta property=\"og:locale\" content=\"en_GB\" \/>\n<meta property=\"og:type\" content=\"article\" \/>\n<meta property=\"og:title\" content=\"\u00c0 PROPOS -\" \/>\n<meta property=\"og:description\" content=\"\u00e0 propos Une approche florale sensible, au service des moments qui comptent\u00a0 Chez\u00a0Hanaya\u00a0Fleurs, chaque projet est pens\u00e9 comme une exp\u00e9rience \u00e0 part enti\u00e8re.\u00a0Au-del\u00e0 des fleurs, il s\u2019agit de cr\u00e9er une atmosph\u00e8re, un \u00e9quilibre, une pr\u00e9sence qui accompagne naturellement chaque instant.\u00a0 L\u2019\u00e9l\u00e9gance ne se cherche pas, elle se construit dans les d\u00e9tails, dans les choix de [&hellip;]\" \/>\n<meta property=\"og:url\" content=\"https:\/\/www.hanaya-fleurs.com\/en\/a-propos\/\" \/>\n<meta property=\"article:modified_time\" content=\"2026-04-08T08:43:58+00:00\" \/>\n<meta property=\"og:image\" content=\"https:\/\/www.hanaya-fleurs.com\/wp-content\/uploads\/2026\/04\/01.jpg\" \/>\n\t<meta property=\"og:image:width\" content=\"768\" \/>\n\t<meta property=\"og:image:height\" content=\"1150\" \/>\n\t<meta property=\"og:image:type\" content=\"image\/jpeg\" \/>\n<meta name=\"twitter:card\" content=\"summary_large_image\" \/>\n<meta name=\"twitter:label1\" content=\"Estimated reading time\" \/>\n\t<meta name=\"twitter:data1\" content=\"2 minutes\" \/>\n<script type=\"application\/ld+json\" class=\"yoast-schema-graph\">{\"@context\":\"https:\\\/\\\/schema.org\",\"@graph\":[{\"@type\":\"WebPage\",\"@id\":\"https:\\\/\\\/www.hanaya-fleurs.com\\\/a-propos\\\/\",\"url\":\"https:\\\/\\\/www.hanaya-fleurs.com\\\/a-propos\\\/\",\"name\":\"\u00c0 PROPOS -\",\"isPartOf\":{\"@id\":\"https:\\\/\\\/www.hanaya-fleurs.com\\\/#website\"},\"primaryImageOfPage\":{\"@id\":\"https:\\\/\\\/www.hanaya-fleurs.com\\\/a-propos\\\/#primaryimage\"},\"image\":{\"@id\":\"https:\\\/\\\/www.hanaya-fleurs.com\\\/a-propos\\\/#primaryimage\"},\"thumbnailUrl\":\"https:\\\/\\\/www.hanaya-fleurs.com\\\/wp-content\\\/uploads\\\/2026\\\/04\\\/01.jpg\",\"datePublished\":\"2026-04-07T08:16:15+00:00\",\"dateModified\":\"2026-04-08T08:43:58+00:00\",\"breadcrumb\":{\"@id\":\"https:\\\/\\\/www.hanaya-fleurs.com\\\/a-propos\\\/#breadcrumb\"},\"inLanguage\":\"en-GB\",\"potentialAction\":[{\"@type\":\"ReadAction\",\"target\":[\"https:\\\/\\\/www.hanaya-fleurs.com\\\/a-propos\\\/\"]}]},{\"@type\":\"ImageObject\",\"inLanguage\":\"en-GB\",\"@id\":\"https:\\\/\\\/www.hanaya-fleurs.com\\\/a-propos\\\/#primaryimage\",\"url\":\"https:\\\/\\\/www.hanaya-fleurs.com\\\/wp-content\\\/uploads\\\/2026\\\/04\\\/01.jpg\",\"contentUrl\":\"https:\\\/\\\/www.hanaya-fleurs.com\\\/wp-content\\\/uploads\\\/2026\\\/04\\\/01.jpg\"},{\"@type\":\"BreadcrumbList\",\"@id\":\"https:\\\/\\\/www.hanaya-fleurs.com\\\/a-propos\\\/#breadcrumb\",\"itemListElement\":[{\"@type\":\"ListItem\",\"position\":1,\"name\":\"Accueil\",\"item\":\"https:\\\/\\\/www.hanaya-fleurs.com\\\/\"},{\"@type\":\"ListItem\",\"position\":2,\"name\":\"\u00c0 PROPOS\"}]},{\"@type\":\"WebSite\",\"@id\":\"https:\\\/\\\/www.hanaya-fleurs.com\\\/#website\",\"url\":\"https:\\\/\\\/www.hanaya-fleurs.com\\\/\",\"name\":\"\",\"description\":\"\",\"potentialAction\":[{\"@type\":\"SearchAction\",\"target\":{\"@type\":\"EntryPoint\",\"urlTemplate\":\"https:\\\/\\\/www.hanaya-fleurs.com\\\/?s={search_term_string}\"},\"query-input\":{\"@type\":\"PropertyValueSpecification\",\"valueRequired\":true,\"valueName\":\"search_term_string\"}}],\"inLanguage\":\"en-GB\"}]}<\/script>\n<!-- \/ Yoast SEO plugin. -->","yoast_head_json":{"title":"\u00c0 PROPOS -","robots":{"index":"index","follow":"follow","max-snippet":"max-snippet:-1","max-image-preview":"max-image-preview:large","max-video-preview":"max-video-preview:-1"},"canonical":"https:\/\/www.hanaya-fleurs.com\/en\/a-propos\/","og_locale":"en_GB","og_type":"article","og_title":"\u00c0 PROPOS -","og_description":"\u00e0 propos Une approche florale sensible, au service des moments qui comptent\u00a0 Chez\u00a0Hanaya\u00a0Fleurs, chaque projet est pens\u00e9 comme une exp\u00e9rience \u00e0 part enti\u00e8re.\u00a0Au-del\u00e0 des fleurs, il s\u2019agit de cr\u00e9er une atmosph\u00e8re, un \u00e9quilibre, une pr\u00e9sence qui accompagne naturellement chaque instant.\u00a0 L\u2019\u00e9l\u00e9gance ne se cherche pas, elle se construit dans les d\u00e9tails, dans les choix de [&hellip;]","og_url":"https:\/\/www.hanaya-fleurs.com\/en\/a-propos\/","article_modified_time":"2026-04-08T08:43:58+00:00","og_image":[{"width":768,"height":1150,"url":"https:\/\/www.hanaya-fleurs.com\/wp-content\/uploads\/2026\/04\/01.jpg","type":"image\/jpeg"}],"twitter_card":"summary_large_image","twitter_misc":{"Estimated reading time":"2 minutes"},"schema":{"@context":"https:\/\/schema.org","@graph":[{"@type":"WebPage","@id":"https:\/\/www.hanaya-fleurs.com\/a-propos\/","url":"https:\/\/www.hanaya-fleurs.com\/a-propos\/","name":"\u00c0 PROPOS -","isPartOf":{"@id":"https:\/\/www.hanaya-fleurs.com\/#website"},"primaryImageOfPage":{"@id":"https:\/\/www.hanaya-fleurs.com\/a-propos\/#primaryimage"},"image":{"@id":"https:\/\/www.hanaya-fleurs.com\/a-propos\/#primaryimage"},"thumbnailUrl":"https:\/\/www.hanaya-fleurs.com\/wp-content\/uploads\/2026\/04\/01.jpg","datePublished":"2026-04-07T08:16:15+00:00","dateModified":"2026-04-08T08:43:58+00:00","breadcrumb":{"@id":"https:\/\/www.hanaya-fleurs.com\/a-propos\/#breadcrumb"},"inLanguage":"en-GB","potentialAction":[{"@type":"ReadAction","target":["https:\/\/www.hanaya-fleurs.com\/a-propos\/"]}]},{"@type":"ImageObject","inLanguage":"en-GB","@id":"https:\/\/www.hanaya-fleurs.com\/a-propos\/#primaryimage","url":"https:\/\/www.hanaya-fleurs.com\/wp-content\/uploads\/2026\/04\/01.jpg","contentUrl":"https:\/\/www.hanaya-fleurs.com\/wp-content\/uploads\/2026\/04\/01.jpg"},{"@type":"BreadcrumbList","@id":"https:\/\/www.hanaya-fleurs.com\/a-propos\/#breadcrumb","itemListElement":[{"@type":"ListItem","position":1,"name":"Accueil","item":"https:\/\/www.hanaya-fleurs.com\/"},{"@type":"ListItem","position":2,"name":"\u00c0 PROPOS"}]},{"@type":"WebSite","@id":"https:\/\/www.hanaya-fleurs.com\/#website","url":"https:\/\/www.hanaya-fleurs.com\/","name":"","description":"","potentialAction":[{"@type":"SearchAction","target":{"@type":"EntryPoint","urlTemplate":"https:\/\/www.hanaya-fleurs.com\/?s={search_term_string}"},"query-input":{"@type":"PropertyValueSpecification","valueRequired":true,"valueName":"search_term_string"}}],"inLanguage":"en-GB"}]}},"_links":{"self":[{"href":"https:\/\/www.hanaya-fleurs.com\/en\/wp-json\/wp\/v2\/pages\/56532","targetHints":{"allow":["GET"]}}],"collection":[{"href":"https:\/\/www.hanaya-fleurs.com\/en\/wp-json\/wp\/v2\/pages"}],"about":[{"href":"https:\/\/www.hanaya-fleurs.com\/en\/wp-json\/wp\/v2\/types\/page"}],"author":[{"embeddable":true,"href":"https:\/\/www.hanaya-fleurs.com\/en\/wp-json\/wp\/v2\/users\/12"}],"replies":[{"embeddable":true,"href":"https:\/\/www.hanaya-fleurs.com\/en\/wp-json\/wp\/v2\/comments?post=56532"}],"version-history":[{"count":7,"href":"https:\/\/www.hanaya-fleurs.com\/en\/wp-json\/wp\/v2\/pages\/56532\/revisions"}],"predecessor-version":[{"id":56572,"href":"https:\/\/www.hanaya-fleurs.com\/en\/wp-json\/wp\/v2\/pages\/56532\/revisions\/56572"}],"wp:attachment":[{"href":"https:\/\/www.hanaya-fleurs.com\/en\/wp-json\/wp\/v2\/media?parent=56532"}],"curies":[{"name":"wp","href":"https:\/\/api.w.org\/{rel}","templated":true}]}}