{"id":56791,"date":"2026-04-09T02:23:17","date_gmt":"2026-04-09T00:23:17","guid":{"rendered":"https:\/\/www.hanaya-fleurs.com\/?page_id=56791"},"modified":"2026-04-30T01:57:11","modified_gmt":"2026-04-29T23:57:11","slug":"formulaire-mariage-floral","status":"publish","type":"page","link":"https:\/\/www.hanaya-fleurs.com\/en\/formulaire-mariage-floral\/","title":{"rendered":"Formulaire mariage"},"content":{"rendered":"<div data-elementor-type=\"wp-page\" data-elementor-id=\"56791\" class=\"elementor elementor-56791\">\n\t\t\t\t<div class=\"elementor-element elementor-element-86538ef e-flex e-con-boxed e-con e-parent\" data-id=\"86538ef\" data-element_type=\"container\" data-e-type=\"container\">\n\t\t\t\t\t<div class=\"e-con-inner\">\n\t\t\t\t<div class=\"elementor-element elementor-element-dbcf4e7 elementor-widget elementor-widget-html\" data-id=\"dbcf4e7\" data-element_type=\"widget\" data-e-type=\"widget\" data-widget_type=\"html.default\">\n\t\t\t\t\t<div id=\"form-container\" style=\"max-width:900px;margin:100px auto;padding:0 30px;background:#ffffff;\">\r\n\r\n  <!-- INTRO -->\r\n  <div style=\"text-align:center;margin-bottom:50px;\">\r\n\r\n    <p style=\"letter-spacing:3px;text-transform:uppercase;color:#C6A96B;font-size:12px;margin-bottom:15px;\">\r\n      Premi\u00e8re \u00e9tape\r\n    <\/p>\r\n\r\n    <h3 style=\"font-family:'Libre Baskerville',serif;font-size:34px;line-height:1.3;font-weight:400;color:#5B6D52;margin-bottom:20px;\">\r\n      Let's imagine your wedding together\r\n    <\/h3>\r\n\r\n    <div style=\"width:40px;height:1px;background:#C6A96B;margin:0 auto 25px;\"><\/div>\r\n\r\n    <p style=\"font-family:'Source Serif Pro',serif;font-size:18px;line-height:1.8;color:#2f2f2f;margin-bottom:10px;\">\r\n      Ce questionnaire nous permet de mieux comprendre votre univers, vos envies et les premi\u00e8res intentions de votre mariage.\r\n    <\/p>\r\n\r\n    <p style=\"font-family:'Source Serif Pro',serif;font-size:15px;line-height:1.7;color:#777;\">\r\n      Temps estim\u00e9 : 3 \u00e0 5 minutes. Nous vous recontactons ensuite pour \u00e9changer plus pr\u00e9cis\u00e9ment.\r\n    <\/p>\r\n\r\n  <\/div>\r\n\r\n  <!-- FORMULAIRE -->\r\n  <div style=\"border:1px solid rgba(198,169,107,0.25);padding:40px 35px;\">\r\n    <div id=\"iframe-wrapper\"><\/div>\r\n  <\/div>\r\n\r\n  <!-- RGPD -->\r\n  <p style=\"max-width:720px;margin:30px auto 0;text-align:center;font-family:'Source Serif Pro',serif;font-size:13px;line-height:1.7;color:#777;\">\r\n    Les informations transmises restent confidentielles et sont utilis\u00e9es uniquement dans le cadre de votre demande.\r\n  <\/p>\r\n\r\n<\/div>\r\n\r\n\r\n<script>\r\nfunction loadForm() {\r\n  var lang = document.documentElement.lang;\r\n\r\n  var baseUrl = \"https:\/\/form.weddingplan.fr\/\";\r\n  var formPath = \"form\/k807fNGecDaIXW9gBTriA5uEm\/0\/0\/new\";\r\n\r\n  var finalUrl;\r\n\r\n  if (lang && lang.startsWith(\"en\")) {\r\n    finalUrl = baseUrl + \"en\/\" + formPath;\r\n  } else {\r\n    finalUrl = baseUrl + \"fr\/\" + formPath;\r\n  }\r\n\r\n  document.getElementById(\"iframe-wrapper\").innerHTML =\r\n    '<iframe src=\"' + finalUrl + '\" width=\"100%\" height=\"2150\" frameborder=\"0\" style=\"border:none;\"><\/iframe>';\r\n}\r\n\r\nloadForm();\r\n<\/script>\t\t\t\t<\/div>\n\t\t\t\t\t<\/div>\n\t\t\t\t<\/div>\n\t\t\t\t<\/div>","protected":false},"excerpt":{"rendered":"<p>Premi\u00e8re \u00e9tape Imaginons ensemble votre mariage Ce questionnaire nous permet de mieux comprendre votre univers, vos envies et les premi\u00e8res intentions de votre mariage. Temps estim\u00e9 : 3 \u00e0 5 minutes. Nous vous recontactons ensuite pour \u00e9changer plus pr\u00e9cis\u00e9ment. Les informations transmises restent confidentielles et sont utilis\u00e9es uniquement dans le cadre de votre demande.<\/p>","protected":false},"author":12,"featured_media":0,"parent":0,"menu_order":0,"comment_status":"closed","ping_status":"closed","template":"","meta":{"_acf_changed":false,"footnotes":""},"class_list":["post-56791","page","type-page","status-publish","hentry"],"acf":[],"yoast_head":"<!-- This site is optimized with the Yoast SEO plugin v27.5 - https:\/\/yoast.com\/product\/yoast-seo-wordpress\/ -->\n<title>Formulaire mariage -<\/title>\n<meta name=\"description\" content=\"Parlez-nous de votre projet floral pour votre mariage. Hanaya Fleurs vous accompagne pour imaginer une cr\u00e9ation sur mesure, sensible.\" \/>\n<meta name=\"robots\" content=\"index, follow, max-snippet:-1, max-image-preview:large, max-video-preview:-1\" \/>\n<link rel=\"canonical\" href=\"https:\/\/www.hanaya-fleurs.com\/en\/formulaire-mariage-floral\/\" \/>\n<meta property=\"og:locale\" content=\"en_GB\" \/>\n<meta property=\"og:type\" content=\"article\" \/>\n<meta property=\"og:title\" content=\"Formulaire mariage -\" \/>\n<meta property=\"og:description\" content=\"Parlez-nous de votre projet floral pour votre mariage. Hanaya Fleurs vous accompagne pour imaginer une cr\u00e9ation sur mesure, sensible.\" \/>\n<meta property=\"og:url\" content=\"https:\/\/www.hanaya-fleurs.com\/en\/formulaire-mariage-floral\/\" \/>\n<meta property=\"article:modified_time\" content=\"2026-04-29T23:57:11+00:00\" \/>\n<meta name=\"twitter:card\" content=\"summary_large_image\" \/>\n<meta name=\"twitter:label1\" content=\"Estimated reading time\" \/>\n\t<meta name=\"twitter:data1\" content=\"1 minute\" \/>\n<script type=\"application\/ld+json\" class=\"yoast-schema-graph\">{\"@context\":\"https:\\\/\\\/schema.org\",\"@graph\":[{\"@type\":\"WebPage\",\"@id\":\"https:\\\/\\\/www.hanaya-fleurs.com\\\/formulaire-mariage-floral\\\/\",\"url\":\"https:\\\/\\\/www.hanaya-fleurs.com\\\/formulaire-mariage-floral\\\/\",\"name\":\"Formulaire mariage -\",\"isPartOf\":{\"@id\":\"https:\\\/\\\/www.hanaya-fleurs.com\\\/#website\"},\"datePublished\":\"2026-04-09T00:23:17+00:00\",\"dateModified\":\"2026-04-29T23:57:11+00:00\",\"description\":\"Parlez-nous de votre projet floral pour votre mariage. Hanaya Fleurs vous accompagne pour imaginer une cr\u00e9ation sur mesure, sensible.\",\"breadcrumb\":{\"@id\":\"https:\\\/\\\/www.hanaya-fleurs.com\\\/formulaire-mariage-floral\\\/#breadcrumb\"},\"inLanguage\":\"en-GB\",\"potentialAction\":[{\"@type\":\"ReadAction\",\"target\":[\"https:\\\/\\\/www.hanaya-fleurs.com\\\/formulaire-mariage-floral\\\/\"]}]},{\"@type\":\"BreadcrumbList\",\"@id\":\"https:\\\/\\\/www.hanaya-fleurs.com\\\/formulaire-mariage-floral\\\/#breadcrumb\",\"itemListElement\":[{\"@type\":\"ListItem\",\"position\":1,\"name\":\"Accueil\",\"item\":\"https:\\\/\\\/www.hanaya-fleurs.com\\\/\"},{\"@type\":\"ListItem\",\"position\":2,\"name\":\"Formulaire mariage\"}]},{\"@type\":\"WebSite\",\"@id\":\"https:\\\/\\\/www.hanaya-fleurs.com\\\/#website\",\"url\":\"https:\\\/\\\/www.hanaya-fleurs.com\\\/\",\"name\":\"\",\"description\":\"\",\"potentialAction\":[{\"@type\":\"SearchAction\",\"target\":{\"@type\":\"EntryPoint\",\"urlTemplate\":\"https:\\\/\\\/www.hanaya-fleurs.com\\\/?s={search_term_string}\"},\"query-input\":{\"@type\":\"PropertyValueSpecification\",\"valueRequired\":true,\"valueName\":\"search_term_string\"}}],\"inLanguage\":\"en-GB\"}]}<\/script>\n<!-- \/ Yoast SEO plugin. -->","yoast_head_json":{"title":"Formulaire mariage -","description":"Parlez-nous de votre projet floral pour votre mariage. Hanaya Fleurs vous accompagne pour imaginer une cr\u00e9ation sur mesure, sensible.","robots":{"index":"index","follow":"follow","max-snippet":"max-snippet:-1","max-image-preview":"max-image-preview:large","max-video-preview":"max-video-preview:-1"},"canonical":"https:\/\/www.hanaya-fleurs.com\/en\/formulaire-mariage-floral\/","og_locale":"en_GB","og_type":"article","og_title":"Formulaire mariage -","og_description":"Parlez-nous de votre projet floral pour votre mariage. Hanaya Fleurs vous accompagne pour imaginer une cr\u00e9ation sur mesure, sensible.","og_url":"https:\/\/www.hanaya-fleurs.com\/en\/formulaire-mariage-floral\/","article_modified_time":"2026-04-29T23:57:11+00:00","twitter_card":"summary_large_image","twitter_misc":{"Estimated reading time":"1 minute"},"schema":{"@context":"https:\/\/schema.org","@graph":[{"@type":"WebPage","@id":"https:\/\/www.hanaya-fleurs.com\/formulaire-mariage-floral\/","url":"https:\/\/www.hanaya-fleurs.com\/formulaire-mariage-floral\/","name":"Formulaire mariage -","isPartOf":{"@id":"https:\/\/www.hanaya-fleurs.com\/#website"},"datePublished":"2026-04-09T00:23:17+00:00","dateModified":"2026-04-29T23:57:11+00:00","description":"Parlez-nous de votre projet floral pour votre mariage. Hanaya Fleurs vous accompagne pour imaginer une cr\u00e9ation sur mesure, sensible.","breadcrumb":{"@id":"https:\/\/www.hanaya-fleurs.com\/formulaire-mariage-floral\/#breadcrumb"},"inLanguage":"en-GB","potentialAction":[{"@type":"ReadAction","target":["https:\/\/www.hanaya-fleurs.com\/formulaire-mariage-floral\/"]}]},{"@type":"BreadcrumbList","@id":"https:\/\/www.hanaya-fleurs.com\/formulaire-mariage-floral\/#breadcrumb","itemListElement":[{"@type":"ListItem","position":1,"name":"Accueil","item":"https:\/\/www.hanaya-fleurs.com\/"},{"@type":"ListItem","position":2,"name":"Formulaire mariage"}]},{"@type":"WebSite","@id":"https:\/\/www.hanaya-fleurs.com\/#website","url":"https:\/\/www.hanaya-fleurs.com\/","name":"","description":"","potentialAction":[{"@type":"SearchAction","target":{"@type":"EntryPoint","urlTemplate":"https:\/\/www.hanaya-fleurs.com\/?s={search_term_string}"},"query-input":{"@type":"PropertyValueSpecification","valueRequired":true,"valueName":"search_term_string"}}],"inLanguage":"en-GB"}]}},"_links":{"self":[{"href":"https:\/\/www.hanaya-fleurs.com\/en\/wp-json\/wp\/v2\/pages\/56791","targetHints":{"allow":["GET"]}}],"collection":[{"href":"https:\/\/www.hanaya-fleurs.com\/en\/wp-json\/wp\/v2\/pages"}],"about":[{"href":"https:\/\/www.hanaya-fleurs.com\/en\/wp-json\/wp\/v2\/types\/page"}],"author":[{"embeddable":true,"href":"https:\/\/www.hanaya-fleurs.com\/en\/wp-json\/wp\/v2\/users\/12"}],"replies":[{"embeddable":true,"href":"https:\/\/www.hanaya-fleurs.com\/en\/wp-json\/wp\/v2\/comments?post=56791"}],"version-history":[{"count":10,"href":"https:\/\/www.hanaya-fleurs.com\/en\/wp-json\/wp\/v2\/pages\/56791\/revisions"}],"predecessor-version":[{"id":57444,"href":"https:\/\/www.hanaya-fleurs.com\/en\/wp-json\/wp\/v2\/pages\/56791\/revisions\/57444"}],"wp:attachment":[{"href":"https:\/\/www.hanaya-fleurs.com\/en\/wp-json\/wp\/v2\/media?parent=56791"}],"curies":[{"name":"wp","href":"https:\/\/api.w.org\/{rel}","templated":true}]}}