{"id":56796,"date":"2026-04-09T02:27:02","date_gmt":"2026-04-09T00:27:02","guid":{"rendered":"https:\/\/www.hanaya-fleurs.com\/?page_id=56796"},"modified":"2026-04-20T11:25:49","modified_gmt":"2026-04-20T09:25:49","slug":"formulaire-experiences-florales-collaborations","status":"publish","type":"page","link":"https:\/\/www.hanaya-fleurs.com\/en\/formulaire-experiences-florales-collaborations\/","title":{"rendered":"Formulaire Exp\u00e9riences Florales &amp; Collaborations"},"content":{"rendered":"<div data-elementor-type=\"wp-page\" data-elementor-id=\"56796\" class=\"elementor elementor-56796\">\n\t\t\t\t<div class=\"elementor-element elementor-element-61c695b e-flex e-con-boxed e-con e-parent\" data-id=\"61c695b\" data-element_type=\"container\" data-e-type=\"container\">\n\t\t\t\t\t<div class=\"e-con-inner\">\n\t\t\t\t<div class=\"elementor-element elementor-element-e4ea71a elementor-widget elementor-widget-html\" data-id=\"e4ea71a\" data-element_type=\"widget\" data-e-type=\"widget\" data-widget_type=\"html.default\">\n\t\t\t\t\t<div id=\"form-container\" style=\"max-width:820px;margin:80px auto;padding:0 40px;background:#f6f6f4;border-radius:12px;box-shadow:0 20px 60px rgba(0,0,0,0.06);\">\r\n\r\n  <!-- TITRE -->\r\n  <h3 style=\"text-align:center;margin:30px 0 10px;\">\r\n    Let's bring your floral projects to life\r\n  <\/h3>\r\n\r\n  <!-- SOUS-TEXTE -->\r\n  <p style=\"text-align:center;font-size:15px;margin-bottom:40px;color:#666;\">\r\n    Response within 48 hours \u2022 Personalized quote \u2022 No obligation\r\n  <\/p>\r\n\r\n  <!-- FORMULAIRE -->\r\n  <div id=\"iframe-wrapper\"><\/div>\r\n\r\n  <!-- TEXTE RGPD -->\r\n  <p style=\"font-size:13px;color:#777;margin-top:30px;line-height:1.6;text-align:center;\">\r\n    By submitting this form, you agree that your information will be used to contact you regarding your request.\r\n  <\/p>\r\n\r\n<\/div>\r\n\r\n<script>\r\nfunction loadForm() {\r\n  var lang = document.documentElement.lang;\r\n\r\n  var baseUrl = \"https:\/\/form.weddingplan.fr\/\";\r\n  var formPath = \"form\/62gjcKekWtRohdT9rnfYOaLJD\/0\/0\/new\";\r\n\r\n  var finalUrl;\r\n\r\n  if (lang.startsWith(\"en\")) {\r\n    finalUrl = baseUrl + \"en\/\" + formPath;\r\n  } else {\r\n    finalUrl = baseUrl + \"fr\/\" + formPath;\r\n  }\r\n\r\n  document.getElementById(\"iframe-wrapper\").innerHTML =\r\n    '<iframe src=\"' + finalUrl + '\" width=\"100%\" height=\"1400\" frameborder=\"0\" style=\"border-radius:10px;\"><\/iframe>';\r\n}\r\n\r\nloadForm();\r\n<\/script>\t\t\t\t<\/div>\n\t\t\t\t\t<\/div>\n\t\t\t\t<\/div>\n\t\t\t\t<\/div>","protected":false},"excerpt":{"rendered":"<p>Donnons vie \u00e0 vos projets floraux R\u00e9ponse sous 48h \u2022 Devis personnalis\u00e9 \u2022 Sans engagement En soumettant ce formulaire, vous acceptez que vos informations soient utilis\u00e9es pour \u00eatre recontact\u00e9 dans le cadre de votre demande.<\/p>","protected":false},"author":12,"featured_media":0,"parent":0,"menu_order":0,"comment_status":"closed","ping_status":"closed","template":"","meta":{"_acf_changed":false,"footnotes":""},"class_list":["post-56796","page","type-page","status-publish","hentry"],"acf":[],"yoast_head":"<!-- This site is optimized with the Yoast SEO plugin v27.4 - https:\/\/yoast.com\/product\/yoast-seo-wordpress\/ -->\n<title>Formulaire Exp\u00e9riences Florales &amp; Collaborations -<\/title>\n<meta name=\"description\" content=\"Parlez-nous de votre projet de collaboration florale. Hanaya Fleurs vous accompagne pour imaginer une cr\u00e9ation sur mesure et \u00e9l\u00e9gante.\" \/>\n<meta name=\"robots\" content=\"index, follow, max-snippet:-1, max-image-preview:large, max-video-preview:-1\" \/>\n<link rel=\"canonical\" href=\"https:\/\/www.hanaya-fleurs.com\/en\/formulaire-experiences-florales-collaborations\/\" \/>\n<meta property=\"og:locale\" content=\"en_GB\" \/>\n<meta property=\"og:type\" content=\"article\" \/>\n<meta property=\"og:title\" content=\"Formulaire Exp\u00e9riences Florales &amp; Collaborations -\" \/>\n<meta property=\"og:description\" content=\"Parlez-nous de votre projet de collaboration florale. Hanaya Fleurs vous accompagne pour imaginer une cr\u00e9ation sur mesure et \u00e9l\u00e9gante.\" \/>\n<meta property=\"og:url\" content=\"https:\/\/www.hanaya-fleurs.com\/en\/formulaire-experiences-florales-collaborations\/\" \/>\n<meta property=\"article:modified_time\" content=\"2026-04-20T09:25:49+00:00\" \/>\n<meta name=\"twitter:card\" content=\"summary_large_image\" \/>\n<meta name=\"twitter:label1\" content=\"Estimated reading time\" \/>\n\t<meta name=\"twitter:data1\" content=\"1 minute\" \/>\n<script type=\"application\/ld+json\" class=\"yoast-schema-graph\">{\"@context\":\"https:\\\/\\\/schema.org\",\"@graph\":[{\"@type\":\"WebPage\",\"@id\":\"https:\\\/\\\/www.hanaya-fleurs.com\\\/formulaire-experiences-florales-collaborations\\\/\",\"url\":\"https:\\\/\\\/www.hanaya-fleurs.com\\\/formulaire-experiences-florales-collaborations\\\/\",\"name\":\"Formulaire Exp\u00e9riences Florales &amp; Collaborations -\",\"isPartOf\":{\"@id\":\"https:\\\/\\\/www.hanaya-fleurs.com\\\/#website\"},\"datePublished\":\"2026-04-09T00:27:02+00:00\",\"dateModified\":\"2026-04-20T09:25:49+00:00\",\"description\":\"Parlez-nous de votre projet de collaboration florale. Hanaya Fleurs vous accompagne pour imaginer une cr\u00e9ation sur mesure et \u00e9l\u00e9gante.\",\"breadcrumb\":{\"@id\":\"https:\\\/\\\/www.hanaya-fleurs.com\\\/formulaire-experiences-florales-collaborations\\\/#breadcrumb\"},\"inLanguage\":\"en-GB\",\"potentialAction\":[{\"@type\":\"ReadAction\",\"target\":[\"https:\\\/\\\/www.hanaya-fleurs.com\\\/formulaire-experiences-florales-collaborations\\\/\"]}]},{\"@type\":\"BreadcrumbList\",\"@id\":\"https:\\\/\\\/www.hanaya-fleurs.com\\\/formulaire-experiences-florales-collaborations\\\/#breadcrumb\",\"itemListElement\":[{\"@type\":\"ListItem\",\"position\":1,\"name\":\"Accueil\",\"item\":\"https:\\\/\\\/www.hanaya-fleurs.com\\\/\"},{\"@type\":\"ListItem\",\"position\":2,\"name\":\"Formulaire Exp\u00e9riences Florales &amp; Collaborations\"}]},{\"@type\":\"WebSite\",\"@id\":\"https:\\\/\\\/www.hanaya-fleurs.com\\\/#website\",\"url\":\"https:\\\/\\\/www.hanaya-fleurs.com\\\/\",\"name\":\"\",\"description\":\"\",\"potentialAction\":[{\"@type\":\"SearchAction\",\"target\":{\"@type\":\"EntryPoint\",\"urlTemplate\":\"https:\\\/\\\/www.hanaya-fleurs.com\\\/?s={search_term_string}\"},\"query-input\":{\"@type\":\"PropertyValueSpecification\",\"valueRequired\":true,\"valueName\":\"search_term_string\"}}],\"inLanguage\":\"en-GB\"}]}<\/script>\n<!-- \/ Yoast SEO plugin. -->","yoast_head_json":{"title":"Formulaire Exp\u00e9riences Florales &amp; Collaborations -","description":"Parlez-nous de votre projet de collaboration florale. Hanaya Fleurs vous accompagne pour imaginer une cr\u00e9ation sur mesure et \u00e9l\u00e9gante.","robots":{"index":"index","follow":"follow","max-snippet":"max-snippet:-1","max-image-preview":"max-image-preview:large","max-video-preview":"max-video-preview:-1"},"canonical":"https:\/\/www.hanaya-fleurs.com\/en\/formulaire-experiences-florales-collaborations\/","og_locale":"en_GB","og_type":"article","og_title":"Formulaire Exp\u00e9riences Florales &amp; Collaborations -","og_description":"Parlez-nous de votre projet de collaboration florale. Hanaya Fleurs vous accompagne pour imaginer une cr\u00e9ation sur mesure et \u00e9l\u00e9gante.","og_url":"https:\/\/www.hanaya-fleurs.com\/en\/formulaire-experiences-florales-collaborations\/","article_modified_time":"2026-04-20T09:25:49+00:00","twitter_card":"summary_large_image","twitter_misc":{"Estimated reading time":"1 minute"},"schema":{"@context":"https:\/\/schema.org","@graph":[{"@type":"WebPage","@id":"https:\/\/www.hanaya-fleurs.com\/formulaire-experiences-florales-collaborations\/","url":"https:\/\/www.hanaya-fleurs.com\/formulaire-experiences-florales-collaborations\/","name":"Formulaire Exp\u00e9riences Florales &amp; Collaborations -","isPartOf":{"@id":"https:\/\/www.hanaya-fleurs.com\/#website"},"datePublished":"2026-04-09T00:27:02+00:00","dateModified":"2026-04-20T09:25:49+00:00","description":"Parlez-nous de votre projet de collaboration florale. Hanaya Fleurs vous accompagne pour imaginer une cr\u00e9ation sur mesure et \u00e9l\u00e9gante.","breadcrumb":{"@id":"https:\/\/www.hanaya-fleurs.com\/formulaire-experiences-florales-collaborations\/#breadcrumb"},"inLanguage":"en-GB","potentialAction":[{"@type":"ReadAction","target":["https:\/\/www.hanaya-fleurs.com\/formulaire-experiences-florales-collaborations\/"]}]},{"@type":"BreadcrumbList","@id":"https:\/\/www.hanaya-fleurs.com\/formulaire-experiences-florales-collaborations\/#breadcrumb","itemListElement":[{"@type":"ListItem","position":1,"name":"Accueil","item":"https:\/\/www.hanaya-fleurs.com\/"},{"@type":"ListItem","position":2,"name":"Formulaire Exp\u00e9riences Florales &amp; Collaborations"}]},{"@type":"WebSite","@id":"https:\/\/www.hanaya-fleurs.com\/#website","url":"https:\/\/www.hanaya-fleurs.com\/","name":"","description":"","potentialAction":[{"@type":"SearchAction","target":{"@type":"EntryPoint","urlTemplate":"https:\/\/www.hanaya-fleurs.com\/?s={search_term_string}"},"query-input":{"@type":"PropertyValueSpecification","valueRequired":true,"valueName":"search_term_string"}}],"inLanguage":"en-GB"}]}},"_links":{"self":[{"href":"https:\/\/www.hanaya-fleurs.com\/en\/wp-json\/wp\/v2\/pages\/56796","targetHints":{"allow":["GET"]}}],"collection":[{"href":"https:\/\/www.hanaya-fleurs.com\/en\/wp-json\/wp\/v2\/pages"}],"about":[{"href":"https:\/\/www.hanaya-fleurs.com\/en\/wp-json\/wp\/v2\/types\/page"}],"author":[{"embeddable":true,"href":"https:\/\/www.hanaya-fleurs.com\/en\/wp-json\/wp\/v2\/users\/12"}],"replies":[{"embeddable":true,"href":"https:\/\/www.hanaya-fleurs.com\/en\/wp-json\/wp\/v2\/comments?post=56796"}],"version-history":[{"count":4,"href":"https:\/\/www.hanaya-fleurs.com\/en\/wp-json\/wp\/v2\/pages\/56796\/revisions"}],"predecessor-version":[{"id":56801,"href":"https:\/\/www.hanaya-fleurs.com\/en\/wp-json\/wp\/v2\/pages\/56796\/revisions\/56801"}],"wp:attachment":[{"href":"https:\/\/www.hanaya-fleurs.com\/en\/wp-json\/wp\/v2\/media?parent=56796"}],"curies":[{"name":"wp","href":"https:\/\/api.w.org\/{rel}","templated":true}]}}